{"id":14,"date":"2026-03-20T11:52:54","date_gmt":"2026-03-20T11:52:54","guid":{"rendered":"https:\/\/balcellslloguer.com\/?page_id=14"},"modified":"2026-04-01T13:45:12","modified_gmt":"2026-04-01T13:45:12","slug":"contacto","status":"publish","type":"page","link":"https:\/\/balcellslloguer.com\/ca\/contacto\/","title":{"rendered":"Contacte"},"content":{"rendered":"\t\t<div data-elementor-type=\"wp-page\" data-elementor-id=\"14\" class=\"elementor elementor-14\" data-elementor-post-type=\"page\">\n\t\t\t\t<div class=\"elementor-element elementor-element-81ed778 e-flex e-con-boxed e-con e-parent\" data-id=\"81ed778\" data-element_type=\"container\" data-e-type=\"container\">\n\t\t\t\t\t<div class=\"e-con-inner\">\n\t\t\t\t<div class=\"elementor-element elementor-element-6c38055 elementor-widget elementor-widget-html\" data-id=\"6c38055\" data-element_type=\"widget\" data-e-type=\"widget\" data-widget_type=\"html.default\">\n\t\t\t\t\t<style>\r\n    .tm-contact-wrapper { font-family: 'Open Sans', sans-serif; padding-right: 30px; box-sizing: border-box; }\r\n    .tm-contact-title { color: #1E293B; font-family: 'Montserrat', sans-serif; font-size: 45px; line-height: 1.1; font-weight: 800; margin-bottom: 20px; text-transform: uppercase; }\r\n    \r\n    .tm-contact-h2 { color: #005A9C; font-family: 'Montserrat', sans-serif; font-size: 20px; font-weight: 700; margin-top: 0; margin-bottom: 15px; line-height: 1.4; }\r\n    .tm-contact-h3 { color: #1E293B; font-family: 'Montserrat', sans-serif; font-size: 18px; font-weight: 700; margin-top: 25px; margin-bottom: 10px; }\r\n    \r\n    .tm-contact-seo { font-size: 16px; color: #64748B; background: #F8FAFC; padding: 25px; border-left: 4px solid #005A9C; margin-bottom: 40px; line-height: 1.6; border-radius: 0 4px 4px 0; }\r\n    .tm-contact-seo p { margin-top: 0; margin-bottom: 15px; }\r\n    .tm-contact-seo p:last-child { margin-bottom: 0; }\r\n    .tm-contact-seo a { color: #005A9C; text-decoration: none; font-weight: 600; transition: color 0.3s ease; border-bottom: 1px solid transparent; }\r\n    .tm-contact-seo a:hover { color: #1E293B; border-bottom-color: #1E293B; }\r\n\r\n    .tm-contact-list { display: flex; flex-direction: column; gap: 30px; }\r\n    .tm-contact-item { display: flex; align-items: center; gap: 20px; text-decoration: none; transition: transform 0.3s ease; width: 100%; }\r\n    .tm-contact-item:hover { transform: translateX(10px); }\r\n    .tm-icon-circle { width: 60px; height: 60px; min-width: 60px; background-color: #F8FAFC; border-radius: 50%; display: flex; align-items: center; justify-content: center; flex-shrink: 0; border: 2px solid #005A9C; }\r\n    .tm-icon-circle img { width: 24px; height: auto; display: block; filter: invert(18%) sepia(87%) saturate(2371%) hue-rotate(195deg) brightness(96%) contrast(106%); }\r\n    .tm-contact-text { font-size: 18px; color: #1E293B; font-weight: 700; line-height: 1.4; }\r\n    .tm-contact-text span { display: block; font-size: 12px; color: #005A9C; font-family: 'Montserrat', sans-serif; font-weight: 800; text-transform: uppercase; letter-spacing: 1px; margin-bottom: 5px; }\r\n    .no-break { white-space: nowrap; }\r\n    @media (max-width: 768px) { .tm-contact-wrapper { padding-right: 0; padding-left: 0; margin-bottom: 50px; text-align: left; } .tm-contact-title { font-size: 38px; } }\r\n<\/style>\r\n\r\n<div class=\"tm-contact-wrapper\">\r\n    <h1 class=\"tm-contact-title\">Contacte con nuestros expertos en Gesti\u00f3n Patrimonial Inmobiliaria<\/h1>\r\n    \r\n    <div class=\"tm-contact-seo\">\r\n        <h2 class=\"tm-contact-h2\">Especialistas en Lloguer Maresme y Alquiler de Oficinas en Barcelona<\/h2>\r\n        \r\n        <p>En primer lugar, si buscas opciones de <strong>lloguer Maresme<\/strong>, est\u00e1s en el lugar adecuado. En <strong>Balcells Lloguer<\/strong> ofrecemos un servicio profesional de <a href=\"https:\/\/balcellslloguer.com\/\">gesti\u00f3n patrimonial inmobiliaria<\/a>.<\/p>\r\n        \r\n        <p>Por consiguiente, ayudamos a propietarios e inversores a maximizar la rentabilidad de sus activos. Adem\u00e1s, trabajamos intensamente en el <a href=\"https:\/\/balcellslloguer.com\/servicios\/\">alquiler de oficinas en Barcelona<\/a>, locales comerciales y naves industriales.<\/p>\r\n\r\n        <h3 class=\"tm-contact-h3\">Atenci\u00f3n inmobiliaria personalizada<\/h3>\r\n        \r\n        <p>De esta manera, nos adaptamos a cada necesidad empresarial espec\u00edfica. Asimismo, si necesitas asesoramiento para gestionar tu propiedad en la zona, nuestro equipo te acompa\u00f1ar\u00e1.<\/p>\r\n        \r\n\r\n    <\/div>\r\n\r\n    <div class=\"tm-contact-list\">\r\n        <a href=\"tel:+34616016598\" class=\"tm-contact-item\">\r\n            <div class=\"tm-icon-circle\"><img decoding=\"async\" src=\"https:\/\/balcellslloguer.com\/wp-content\/uploads\/2026\/04\/llamar-a-ballcels-lloger.png\" alt=\"Tel\u00e9fono Balcells Lloguer\"><\/div>\r\n            <div class=\"tm-contact-text no-break\"><span>Ll\u00e1manos<\/span>616 016 598<\/div>\r\n        <\/a>\r\n        <a href=\"mailto:abalcells@gmail.com\" class=\"tm-contact-item\">\r\n            <div class=\"tm-icon-circle\"><img decoding=\"async\" src=\"https:\/\/balcellslloguer.com\/wp-content\/uploads\/2026\/04\/escribir-correo-ballcels-lloger.png\" alt=\"Email Balcells Lloguer\"><\/div>\r\n            <div class=\"tm-contact-text no-break\"><span>Escr\u00edbenos<\/span>abalcells@gmail.com<\/div>\r\n        <\/a>\r\n        <a href=\"https:\/\/maps.google.com\/?q=Avinguda+Can+Bacard\u00ed+2,+Sant+Andreu+de+Llavaneres\" target=\"_blank\" rel=\"noopener\" class=\"tm-contact-item\">\r\n            <div class=\"tm-icon-circle\"><img decoding=\"async\" src=\"https:\/\/balcellslloguer.com\/wp-content\/uploads\/2026\/04\/nuestras-oficinas-barcelona.png\" alt=\"Direcci\u00f3n Balcells Lloguer\"><\/div>\r\n            <div class=\"tm-contact-text\"><span>Vis\u00edtanos<\/span>Avinguda Can Bacard\u00ed 2, Sant Andreu de <br>Llavaneres, 08392a<\/div>\r\n        <\/a>\r\n    <\/div>\r\n    \r\n    <p style=\"margin-top:30px; font-size:14px; color:#64748B;\">\r\n        Especialistas en alquiler de oficinas en Barcelona, locales comerciales y gesti\u00f3n patrimonial.\r\n    <\/p>\r\n<\/div>\t\t\t\t<\/div>\n\t\t\t\t\t<\/div>\n\t\t\t\t<\/div>\n\t\t<div class=\"elementor-element elementor-element-590ca90 e-grid e-con-boxed e-con e-parent\" data-id=\"590ca90\" data-element_type=\"container\" data-e-type=\"container\">\n\t\t\t\t\t<div class=\"e-con-inner\">\n\t\t\t\t<div class=\"elementor-element elementor-element-925c2a1 elementor-widget elementor-widget-google_maps\" data-id=\"925c2a1\" data-element_type=\"widget\" data-e-type=\"widget\" data-widget_type=\"google_maps.default\">\n\t\t\t\t\t\t\t<div class=\"elementor-custom-embed\">\n\t\t\t<iframe loading=\"lazy\"\n\t\t\t\t\tsrc=\"https:\/\/maps.google.com\/maps?q=Av.%20Can%20Bacard%C3%AD%2C%202%2C%2008392%20Sant%20Andreu%20de%20Llavaneres%2C%20Barcelona&#038;t=m&#038;z=10&#038;output=embed&#038;iwloc=near\"\n\t\t\t\t\ttitle=\"Av. Can Bacard\u00ed, 2, 08392 Sant Andreu de Llavaneres, Barcelona\"\n\t\t\t\t\taria-label=\"Av. Can Bacard\u00ed, 2, 08392 Sant Andreu de Llavaneres, Barcelona\"\n\t\t\t><\/iframe>\n\t\t<\/div>\n\t\t\t\t\t\t<\/div>\n\t\t\t\t<div class=\"elementor-element elementor-element-db0711d elementor-button-align-center elementor-widget elementor-widget-form\" data-id=\"db0711d\" data-element_type=\"widget\" data-e-type=\"widget\" data-settings=\"{&quot;step_next_label&quot;:&quot;Next&quot;,&quot;step_previous_label&quot;:&quot;Previous&quot;,&quot;button_width&quot;:&quot;100&quot;,&quot;step_type&quot;:&quot;number_text&quot;,&quot;step_icon_shape&quot;:&quot;circle&quot;}\" data-widget_type=\"form.default\">\n\t\t\t\t\t\t\t<form class=\"elementor-form\" method=\"post\" name=\"New Form\" aria-label=\"New Form\">\n\t\t\t<input type=\"hidden\" name=\"post_id\" value=\"14\"\/>\n\t\t\t<input type=\"hidden\" name=\"form_id\" value=\"db0711d\"\/>\n\t\t\t<input type=\"hidden\" name=\"referer_title\" value=\"Contacto - Alquiler de Inmuebles en Barcelona\" \/>\n\n\t\t\t\t\t\t\t<input type=\"hidden\" name=\"queried_id\" value=\"14\"\/>\n\t\t\t\n\t\t\t<div class=\"elementor-form-fields-wrapper elementor-labels-above\">\n\t\t\t\t\t\t\t\t<div class=\"elementor-field-type-text elementor-field-group elementor-column elementor-field-group-name elementor-col-100\">\n\t\t\t\t\t\t\t\t\t\t\t\t<label for=\"form-field-name\" class=\"elementor-field-label\">\n\t\t\t\t\t\t\t\tNombre\t\t\t\t\t\t\t<\/label>\n\t\t\t\t\t\t\t\t\t\t\t\t\t\t<input size=\"1\" type=\"text\" name=\"form_fields[name]\" id=\"form-field-name\" class=\"elementor-field elementor-size-md  elementor-field-textual\" placeholder=\"Nombre\">\n\t\t\t\t\t\t\t\t\t\t\t<\/div>\n\t\t\t\t\t\t\t\t<div class=\"elementor-field-type-email elementor-field-group elementor-column elementor-field-group-email elementor-col-100 elementor-field-required elementor-mark-required\">\n\t\t\t\t\t\t\t\t\t\t\t\t<label for=\"form-field-email\" class=\"elementor-field-label\">\n\t\t\t\t\t\t\t\tEmail\t\t\t\t\t\t\t<\/label>\n\t\t\t\t\t\t\t\t\t\t\t\t\t\t<input size=\"1\" type=\"email\" name=\"form_fields[email]\" id=\"form-field-email\" class=\"elementor-field elementor-size-md  elementor-field-textual\" placeholder=\"Email\" required=\"required\">\n\t\t\t\t\t\t\t\t\t\t\t<\/div>\n\t\t\t\t\t\t\t\t<div class=\"elementor-field-type-textarea elementor-field-group elementor-column elementor-field-group-message elementor-col-100\">\n\t\t\t\t\t\t\t\t\t\t\t\t<label for=\"form-field-message\" class=\"elementor-field-label\">\n\t\t\t\t\t\t\t\tMensaje\t\t\t\t\t\t\t<\/label>\n\t\t\t\t\t\t<textarea class=\"elementor-field-textual elementor-field  elementor-size-md\" name=\"form_fields[message]\" id=\"form-field-message\" rows=\"4\" placeholder=\"Mensaje\"><\/textarea>\t\t\t\t<\/div>\n\t\t\t\t\t\t\t\t<div class=\"elementor-field-group elementor-column elementor-field-type-submit elementor-col-100 e-form__buttons\">\n\t\t\t\t\t<button class=\"elementor-button elementor-size-sm\" type=\"submit\">\n\t\t\t\t\t\t<span class=\"elementor-button-content-wrapper\">\n\t\t\t\t\t\t\t\t\t\t\t\t\t\t\t\t\t\t\t\t\t\t<span class=\"elementor-button-text\">Enviar<\/span>\n\t\t\t\t\t\t\t\t\t\t\t\t\t<\/span>\n\t\t\t\t\t<\/button>\n\t\t\t\t<\/div>\n\t\t\t<\/div>\n\t\t<\/form>\n\t\t\t\t\t\t<\/div>\n\t\t\t\t\t<\/div>\n\t\t\t\t<\/div>\n\t\t\t\t<\/div>\n\t\t","protected":false},"excerpt":{"rendered":"<p>Contacte con nuestros expertos en Gesti\u00f3n Patrimonial Inmobiliaria Especialistas en Lloguer Maresme y Alquiler de Oficinas en Barcelona En primer [&hellip;]<\/p>\n","protected":false},"author":1,"featured_media":0,"parent":0,"menu_order":0,"comment_status":"closed","ping_status":"closed","template":"elementor_header_footer","meta":{"site-sidebar-layout":"no-sidebar","site-content-layout":"","ast-site-content-layout":"full-width-container","site-content-style":"default","site-sidebar-style":"default","ast-global-header-display":"","ast-banner-title-visibility":"","ast-main-header-display":"","ast-hfb-above-header-display":"","ast-hfb-below-header-display":"","ast-hfb-mobile-header-display":"","site-post-title":"disabled","ast-breadcrumbs-content":"","ast-featured-img":"disabled","footer-sml-layout":"","ast-disable-related-posts":"","theme-transparent-header-meta":"","adv-header-id-meta":"","stick-header-meta":"","header-above-stick-meta":"","header-main-stick-meta":"","header-below-stick-meta":"","astra-migrate-meta-layouts":"default","ast-page-background-enabled":"default","ast-page-background-meta":{"desktop":{"background-color":"var(--ast-global-color-5)","background-image":"","background-repeat":"repeat","background-position":"center center","background-size":"auto","background-attachment":"scroll","background-type":"","background-media":"","overlay-type":"","overlay-color":"","overlay-opacity":"","overlay-gradient":""},"tablet":{"background-color":"","background-image":"","background-repeat":"repeat","background-position":"center center","background-size":"auto","background-attachment":"scroll","background-type":"","background-media":"","overlay-type":"","overlay-color":"","overlay-opacity":"","overlay-gradient":""},"mobile":{"background-color":"","background-image":"","background-repeat":"repeat","background-position":"center center","background-size":"auto","background-attachment":"scroll","background-type":"","background-media":"","overlay-type":"","overlay-color":"","overlay-opacity":"","overlay-gradient":""}},"ast-content-background-meta":{"desktop":{"background-color":"var(--ast-global-color-4)","background-image":"","background-repeat":"repeat","background-position":"center center","background-size":"auto","background-attachment":"scroll","background-type":"","background-media":"","overlay-type":"","overlay-color":"","overlay-opacity":"","overlay-gradient":""},"tablet":{"background-color":"var(--ast-global-color-4)","background-image":"","background-repeat":"repeat","background-position":"center center","background-size":"auto","background-attachment":"scroll","background-type":"","background-media":"","overlay-type":"","overlay-color":"","overlay-opacity":"","overlay-gradient":""},"mobile":{"background-color":"var(--ast-global-color-4)","background-image":"","background-repeat":"repeat","background-position":"center center","background-size":"auto","background-attachment":"scroll","background-type":"","background-media":"","overlay-type":"","overlay-color":"","overlay-opacity":"","overlay-gradient":""}},"footnotes":""},"class_list":["post-14","page","type-page","status-publish","hentry"],"yoast_head":"<!-- This site is optimized with the Yoast SEO plugin v27.3 - https:\/\/yoast.com\/product\/yoast-seo-wordpress\/ -->\n<title>Contacto - Alquiler de Inmuebles en Barcelona<\/title>\n<meta name=\"description\" content=\"\u00bfBuscas local, oficina o nave industrial en alquiler en Barcelona o el Maresme? Cont\u00e1ctanos sin compromiso. Especialistas en gesti\u00f3n patrimonial.\" \/>\n<meta name=\"robots\" content=\"index, follow, max-snippet:-1, max-image-preview:large, max-video-preview:-1\" \/>\n<link rel=\"canonical\" href=\"https:\/\/balcellslloguer.com\/ca\/contacto\/\" \/>\n<meta property=\"og:locale\" content=\"ca_ES\" \/>\n<meta property=\"og:type\" content=\"article\" \/>\n<meta property=\"og:title\" content=\"Contacto - Alquiler de Inmuebles en Barcelona\" \/>\n<meta property=\"og:description\" content=\"\u00bfBuscas local, oficina o nave industrial en alquiler en Barcelona o el Maresme? Cont\u00e1ctanos sin compromiso. Especialistas en gesti\u00f3n patrimonial.\" \/>\n<meta property=\"og:url\" content=\"https:\/\/balcellslloguer.com\/ca\/contacto\/\" \/>\n<meta property=\"og:site_name\" content=\"Balcells Lloguer\" \/>\n<meta property=\"article:modified_time\" content=\"2026-04-01T13:45:12+00:00\" \/>\n<meta property=\"og:image\" content=\"https:\/\/balcellslloguer.com\/wp-content\/uploads\/2026\/04\/llamar-a-ballcels-lloger.png\" \/>\n<meta name=\"twitter:card\" content=\"summary_large_image\" \/>\n<meta name=\"twitter:label1\" content=\"Temps estimat de lectura\" \/>\n\t<meta name=\"twitter:data1\" content=\"3 minuts\" \/>\n<script type=\"application\/ld+json\" class=\"yoast-schema-graph\">{\"@context\":\"https:\\\/\\\/schema.org\",\"@graph\":[{\"@type\":\"WebPage\",\"@id\":\"https:\\\/\\\/balcellslloguer.com\\\/contacto\\\/\",\"url\":\"https:\\\/\\\/balcellslloguer.com\\\/contacto\\\/\",\"name\":\"Contacto - Alquiler de Inmuebles en Barcelona\",\"isPartOf\":{\"@id\":\"https:\\\/\\\/balcellslloguer.com\\\/#website\"},\"primaryImageOfPage\":{\"@id\":\"https:\\\/\\\/balcellslloguer.com\\\/contacto\\\/#primaryimage\"},\"image\":{\"@id\":\"https:\\\/\\\/balcellslloguer.com\\\/contacto\\\/#primaryimage\"},\"thumbnailUrl\":\"https:\\\/\\\/balcellslloguer.com\\\/wp-content\\\/uploads\\\/2026\\\/04\\\/llamar-a-ballcels-lloger.png\",\"datePublished\":\"2026-03-20T11:52:54+00:00\",\"dateModified\":\"2026-04-01T13:45:12+00:00\",\"description\":\"\u00bfBuscas local, oficina o nave industrial en alquiler en Barcelona o el Maresme? Cont\u00e1ctanos sin compromiso. Especialistas en gesti\u00f3n patrimonial.\",\"breadcrumb\":{\"@id\":\"https:\\\/\\\/balcellslloguer.com\\\/contacto\\\/#breadcrumb\"},\"inLanguage\":\"ca\",\"potentialAction\":[{\"@type\":\"ReadAction\",\"target\":[\"https:\\\/\\\/balcellslloguer.com\\\/contacto\\\/\"]}]},{\"@type\":\"ImageObject\",\"inLanguage\":\"ca\",\"@id\":\"https:\\\/\\\/balcellslloguer.com\\\/contacto\\\/#primaryimage\",\"url\":\"https:\\\/\\\/balcellslloguer.com\\\/wp-content\\\/uploads\\\/2026\\\/04\\\/llamar-a-ballcels-lloger.png\",\"contentUrl\":\"https:\\\/\\\/balcellslloguer.com\\\/wp-content\\\/uploads\\\/2026\\\/04\\\/llamar-a-ballcels-lloger.png\"},{\"@type\":\"BreadcrumbList\",\"@id\":\"https:\\\/\\\/balcellslloguer.com\\\/contacto\\\/#breadcrumb\",\"itemListElement\":[{\"@type\":\"ListItem\",\"position\":1,\"name\":\"Portada\",\"item\":\"https:\\\/\\\/balcellslloguer.com\\\/\"},{\"@type\":\"ListItem\",\"position\":2,\"name\":\"Contacto\"}]},{\"@type\":\"WebSite\",\"@id\":\"https:\\\/\\\/balcellslloguer.com\\\/#website\",\"url\":\"https:\\\/\\\/balcellslloguer.com\\\/\",\"name\":\"Balcells Lloguer\",\"description\":\"Especialistas en alquiler de oficinas, locales comerciales y gesti\u00f3n patrimonial inmobiliaria en Barcelona\",\"publisher\":{\"@id\":\"https:\\\/\\\/balcellslloguer.com\\\/#organization\"},\"alternateName\":\"Balcells Lloguer\",\"potentialAction\":[{\"@type\":\"SearchAction\",\"target\":{\"@type\":\"EntryPoint\",\"urlTemplate\":\"https:\\\/\\\/balcellslloguer.com\\\/?s={search_term_string}\"},\"query-input\":{\"@type\":\"PropertyValueSpecification\",\"valueRequired\":true,\"valueName\":\"search_term_string\"}}],\"inLanguage\":\"ca\"},{\"@type\":\"Organization\",\"@id\":\"https:\\\/\\\/balcellslloguer.com\\\/#organization\",\"name\":\"Balcells Lloguer\",\"alternateName\":\"Balcells Lloguer\",\"url\":\"https:\\\/\\\/balcellslloguer.com\\\/\",\"logo\":{\"@type\":\"ImageObject\",\"inLanguage\":\"ca\",\"@id\":\"https:\\\/\\\/balcellslloguer.com\\\/#\\\/schema\\\/logo\\\/image\\\/\",\"url\":\"https:\\\/\\\/balcellslloguer.com\\\/wp-content\\\/uploads\\\/2026\\\/03\\\/cropped-logo_balcells.jpg\",\"contentUrl\":\"https:\\\/\\\/balcellslloguer.com\\\/wp-content\\\/uploads\\\/2026\\\/03\\\/cropped-logo_balcells.jpg\",\"width\":512,\"height\":512,\"caption\":\"Balcells Lloguer\"},\"image\":{\"@id\":\"https:\\\/\\\/balcellslloguer.com\\\/#\\\/schema\\\/logo\\\/image\\\/\"}}]}<\/script>\n<!-- \/ Yoast SEO plugin. -->","yoast_head_json":{"title":"Contacto - Alquiler de Inmuebles en Barcelona","description":"\u00bfBuscas local, oficina o nave industrial en alquiler en Barcelona o el Maresme? Cont\u00e1ctanos sin compromiso. Especialistas en gesti\u00f3n patrimonial.","robots":{"index":"index","follow":"follow","max-snippet":"max-snippet:-1","max-image-preview":"max-image-preview:large","max-video-preview":"max-video-preview:-1"},"canonical":"https:\/\/balcellslloguer.com\/ca\/contacto\/","og_locale":"ca_ES","og_type":"article","og_title":"Contacto - Alquiler de Inmuebles en Barcelona","og_description":"\u00bfBuscas local, oficina o nave industrial en alquiler en Barcelona o el Maresme? Cont\u00e1ctanos sin compromiso. Especialistas en gesti\u00f3n patrimonial.","og_url":"https:\/\/balcellslloguer.com\/ca\/contacto\/","og_site_name":"Balcells Lloguer","article_modified_time":"2026-04-01T13:45:12+00:00","og_image":[{"url":"https:\/\/balcellslloguer.com\/wp-content\/uploads\/2026\/04\/llamar-a-ballcels-lloger.png","type":"","width":"","height":""}],"twitter_card":"summary_large_image","twitter_misc":{"Temps estimat de lectura":"3 minuts"},"schema":{"@context":"https:\/\/schema.org","@graph":[{"@type":"WebPage","@id":"https:\/\/balcellslloguer.com\/contacto\/","url":"https:\/\/balcellslloguer.com\/contacto\/","name":"Contacto - Alquiler de Inmuebles en Barcelona","isPartOf":{"@id":"https:\/\/balcellslloguer.com\/#website"},"primaryImageOfPage":{"@id":"https:\/\/balcellslloguer.com\/contacto\/#primaryimage"},"image":{"@id":"https:\/\/balcellslloguer.com\/contacto\/#primaryimage"},"thumbnailUrl":"https:\/\/balcellslloguer.com\/wp-content\/uploads\/2026\/04\/llamar-a-ballcels-lloger.png","datePublished":"2026-03-20T11:52:54+00:00","dateModified":"2026-04-01T13:45:12+00:00","description":"\u00bfBuscas local, oficina o nave industrial en alquiler en Barcelona o el Maresme? Cont\u00e1ctanos sin compromiso. Especialistas en gesti\u00f3n patrimonial.","breadcrumb":{"@id":"https:\/\/balcellslloguer.com\/contacto\/#breadcrumb"},"inLanguage":"ca","potentialAction":[{"@type":"ReadAction","target":["https:\/\/balcellslloguer.com\/contacto\/"]}]},{"@type":"ImageObject","inLanguage":"ca","@id":"https:\/\/balcellslloguer.com\/contacto\/#primaryimage","url":"https:\/\/balcellslloguer.com\/wp-content\/uploads\/2026\/04\/llamar-a-ballcels-lloger.png","contentUrl":"https:\/\/balcellslloguer.com\/wp-content\/uploads\/2026\/04\/llamar-a-ballcels-lloger.png"},{"@type":"BreadcrumbList","@id":"https:\/\/balcellslloguer.com\/contacto\/#breadcrumb","itemListElement":[{"@type":"ListItem","position":1,"name":"Portada","item":"https:\/\/balcellslloguer.com\/"},{"@type":"ListItem","position":2,"name":"Contacto"}]},{"@type":"WebSite","@id":"https:\/\/balcellslloguer.com\/#website","url":"https:\/\/balcellslloguer.com\/","name":"Balcells Lloguer","description":"Especialistas en alquiler de oficinas, locales comerciales y gesti\u00f3n patrimonial inmobiliaria en Barcelona","publisher":{"@id":"https:\/\/balcellslloguer.com\/#organization"},"alternateName":"Balcells Lloguer","potentialAction":[{"@type":"SearchAction","target":{"@type":"EntryPoint","urlTemplate":"https:\/\/balcellslloguer.com\/?s={search_term_string}"},"query-input":{"@type":"PropertyValueSpecification","valueRequired":true,"valueName":"search_term_string"}}],"inLanguage":"ca"},{"@type":"Organization","@id":"https:\/\/balcellslloguer.com\/#organization","name":"Balcells Lloguer","alternateName":"Balcells Lloguer","url":"https:\/\/balcellslloguer.com\/","logo":{"@type":"ImageObject","inLanguage":"ca","@id":"https:\/\/balcellslloguer.com\/#\/schema\/logo\/image\/","url":"https:\/\/balcellslloguer.com\/wp-content\/uploads\/2026\/03\/cropped-logo_balcells.jpg","contentUrl":"https:\/\/balcellslloguer.com\/wp-content\/uploads\/2026\/03\/cropped-logo_balcells.jpg","width":512,"height":512,"caption":"Balcells Lloguer"},"image":{"@id":"https:\/\/balcellslloguer.com\/#\/schema\/logo\/image\/"}}]}},"_links":{"self":[{"href":"https:\/\/balcellslloguer.com\/ca\/wp-json\/wp\/v2\/pages\/14","targetHints":{"allow":["GET"]}}],"collection":[{"href":"https:\/\/balcellslloguer.com\/ca\/wp-json\/wp\/v2\/pages"}],"about":[{"href":"https:\/\/balcellslloguer.com\/ca\/wp-json\/wp\/v2\/types\/page"}],"author":[{"embeddable":true,"href":"https:\/\/balcellslloguer.com\/ca\/wp-json\/wp\/v2\/users\/1"}],"replies":[{"embeddable":true,"href":"https:\/\/balcellslloguer.com\/ca\/wp-json\/wp\/v2\/comments?post=14"}],"version-history":[{"count":46,"href":"https:\/\/balcellslloguer.com\/ca\/wp-json\/wp\/v2\/pages\/14\/revisions"}],"predecessor-version":[{"id":218,"href":"https:\/\/balcellslloguer.com\/ca\/wp-json\/wp\/v2\/pages\/14\/revisions\/218"}],"wp:attachment":[{"href":"https:\/\/balcellslloguer.com\/ca\/wp-json\/wp\/v2\/media?parent=14"}],"curies":[{"name":"wp","href":"https:\/\/api.w.org\/{rel}","templated":true}]}}