{"id":17,"date":"2026-03-20T11:53:18","date_gmt":"2026-03-20T11:53:18","guid":{"rendered":"https:\/\/balcellslloguer.com\/?page_id=17"},"modified":"2026-04-01T13:47:10","modified_gmt":"2026-04-01T13:47:10","slug":"inicio","status":"publish","type":"page","link":"https:\/\/balcellslloguer.com\/ca\/","title":{"rendered":"Inici"},"content":{"rendered":"<div data-elementor-type=\"wp-page\" data-elementor-id=\"17\" class=\"elementor elementor-17\" data-elementor-post-type=\"page\">\n\t\t\t\t<div class=\"elementor-element elementor-element-11300d0 e-con-full e-flex e-con e-parent\" data-id=\"11300d0\" data-element_type=\"container\" data-e-type=\"container\">\n\t\t\t\t<div class=\"elementor-element elementor-element-3bb636f elementor-widget elementor-widget-html\" data-id=\"3bb636f\" data-element_type=\"widget\" data-e-type=\"widget\" data-widget_type=\"html.default\">\n\t\t\t\t\t<style>\r\n    @import url('https:\/\/fonts.googleapis.com\/css2?family=Montserrat:wght@500;700;800&family=Open+Sans:wght@400;600&display=swap');\r\n    .tm-hero-full { width: 100vw; position: relative; left: 50%; right: 50%; margin-left: -50vw; margin-right: -50vw; box-sizing: border-box; }\r\n    .tm-hero { background-image: url('https:\/\/balcellslloguer.com\/wp-content\/uploads\/2026\/03\/alquiler-oficinas-barcelona-portada.avif'); background-size: cover; background-position: center; min-height: 85vh; display: flex; align-items: center; position: relative; }\r\n    .tm-hero::before { content: ''; position: absolute; top:0; left:0; width:100%; height:100%; background: linear-gradient(90deg, rgba(30, 41, 59, 0.95) 0%, rgba(30, 41, 59, 0.4) 100%); }\r\n    .tm-hero-content { position: relative; z-index: 2; max-width: 800px; padding: 50px; margin-left: 8%; border-left: 5px solid #005A9C; }\r\n    .tm-hero-label { font-family: 'Montserrat', sans-serif; color: #005A9C; font-weight: 800; text-transform: uppercase; letter-spacing: 2px; font-size: 14px; margin-bottom: 20px; display: inline-block; }\r\n    .tm-hero-title { font-family: 'Montserrat', sans-serif; font-size: 55px; color: #FFFFFF; line-height: 1.1; font-weight: 800; margin-bottom: 25px; text-transform: uppercase; }\r\n    .tm-hero-desc { font-family: 'Open Sans', sans-serif; font-size: 18px; color: #E2E8F0; margin-bottom: 40px; max-width: 600px; line-height: 1.6; }\r\n    .btn-tm { background-color: #005A9C; color: #FFFFFF !important; padding: 16px 40px; text-decoration: none; font-family: 'Montserrat', sans-serif; font-weight: 700; text-transform: uppercase; letter-spacing: 1px; display: inline-block; transition: 0.3s; border-radius: 2px; }\r\n    .btn-tm:hover { background-color: #FFFFFF; color: #1E293B !important; }\r\n    @media (max-width: 768px) { .tm-hero-title { font-size: 38px; } .tm-hero-content { margin-left: 0; padding: 30px; border-left: none; border-top: 5px solid #005A9C; } }\r\n    .tm-about { background-color: #F8FAFC; padding: 100px 20px; font-family: 'Open Sans', sans-serif; }\r\n    .tm-about-container { max-width: 1100px; margin: 0 auto; display: flex; flex-wrap: wrap; gap: 60px; align-items: center; }\r\n    .tm-about-text { flex: 1.5; min-width: 300px; }\r\n    .tm-small-title { color: #005A9C; font-weight: 700; text-transform: uppercase; font-size: 14px; font-family: 'Montserrat', sans-serif; letter-spacing: 2px; margin-bottom: 15px; display: block; }\r\n    .tm-main-title { font-family: 'Montserrat', sans-serif; color: #1E293B; font-size: 36px; font-weight: 800; margin-bottom: 30px; line-height: 1.2; text-transform: uppercase; }\r\n    .tm-paragraph { color: #475569; font-size: 17px; line-height: 1.8; margin-bottom: 20px; }\r\n    .tm-highlight { background-color: #FFFFFF; border-left: 4px solid #005A9C; padding: 25px; box-shadow: 0 4px 15px rgba(0,0,0,0.05); margin-top: 35px; }\r\n    .tm-highlight p { margin: 0; font-family: 'Montserrat', sans-serif; color: #1E293B; font-weight: 700; font-size: 18px; }\r\n    .tm-features { flex: 1; min-width: 300px; display: flex; flex-direction: column; gap: 20px; }\r\n    .tm-feature-item { background: #FFFFFF; padding: 30px; box-shadow: 0 10px 30px rgba(30, 41, 59, 0.05); border-bottom: 3px solid #005A9C; }\r\n    .tm-feature-item h3 { font-family: 'Montserrat', sans-serif; color: #1E293B; font-size: 18px; margin: 0 0 10px 0; font-weight: 800; text-transform: uppercase;}\r\n    .tm-feature-item p { margin: 0; color: #64748B; font-size: 15px; line-height: 1.6;}\r\n<\/style>\r\n\r\n<div class=\"tm-hero-full\">\r\n    <div class=\"tm-hero\">\r\n        <div class=\"tm-hero-content\">\r\n            <span class=\"tm-hero-label\">Ag\u00e8ncia Immobili\u00e0ria<\/span>\r\n            <h1 class=\"tm-hero-title\">Gesti\u00f3 patrimonial immobili\u00e0ria: Espais d'\u00e8xit<\/h1>\r\n            <p class=\"tm-hero-desc\">En primer lloc, som experts en <strong>gesti\u00f3 patrimonial immobili\u00e0ria<\/strong>. A m\u00e9s, destaquem com a l\u00edders de lloguer d'oficines i cerca de locals comercials. Per tant, maximitza la rendibilitat dels teus actius corporatius amb nosaltres.<\/p>\r\n            <a href=\"https:\/\/balcellslloguer.com\/ca\/servicios\/\" class=\"btn-tm\">Veure m\u00e9s<\/a>\r\n        <\/div>\r\n    <\/div>\r\n<\/div>\r\n\r\n<div class=\"tm-about\">\r\n    <div class=\"tm-about-container\">\r\n        <div class=\"tm-about-text\">\r\n            <span class=\"tm-small-title\">Balcells Lloguer<\/span>\r\n            <h2 class=\"tm-main-title\">Locals comercials a Barcelona i Solucions Corporatives<\/h2>\r\n            \r\n            <p class=\"tm-paragraph\">Com a experts en <strong>gesti\u00f3 patrimonial immobili\u00e0ria<\/strong>, oferim solucions a mida per a empreses. De fet, assegurem ubicacions premium per a la teva seu corporativa al <strong>lloguer d'oficines a Barcelona<\/strong>.<\/p>\r\n            \r\n            <p class=\"tm-paragraph\">D'altra banda, si la teva empresa requereix expansi\u00f3 log\u00edstica, comptem amb un ampli cat\u00e0leg per al <strong>lloguer de locals industrials<\/strong>. Aix\u00ed mateix, disposem d'opcions exclusives de <strong>lloguer al Maresme<\/strong>.<\/p>\r\n            \r\n            <div class=\"tm-highlight\">\r\n                <p>Ubicacions estrat\u00e8giques. Troba els millors espais per potenciar la visibilitat i les vendes del teu negoci.<\/p>\r\n            <\/div>\r\n        <\/div>\r\n        <div class=\"tm-features\">\r\n            <div class=\"tm-feature-item\">\r\n                <h3>Locals Comercials<\/h3>\r\n                <p>Assegura l'\u00e8xit comercial de la teva marca a les zones m\u00e9s transitades i rentables.<\/p>\r\n            <\/div>\r\n            <div class=\"tm-feature-item\">\r\n                <h3>Alquiler de Oficinas<\/h3>\r\n                <p>Espais moderns i ben comunicats que impulsen la productivitat del teu equip.<\/p>\r\n            <\/div>\r\n            <div class=\"tm-feature-item\">\r\n                <h3>Sector Industrial<\/h3>\r\n                <p>Naus log\u00edstiques i espais de gran format en enclavaments estrat\u00e8gics per a la teva operabilitat.<\/p>\r\n            <\/div>\r\n        <\/div>\r\n    <\/div>\r\n<\/div>\r\n\r\n<div style=\"background-color: #FFFFFF; padding: 60px 20px; font-family: 'Open Sans', sans-serif; text-align: center;\">\r\n    <div style=\"max-width: 900px; margin: 0 auto;\">\r\n        <h2 style=\"font-family: 'Montserrat', sans-serif; color: #1E293B; font-size: 32px; font-weight: 800; margin-bottom: 25px; text-transform: uppercase;\">El teu soci a Gesti\u00f3 Patrimonial<\/h2>\r\n        \r\n        <p style=\"color: #475569; font-size: 17px; line-height: 1.8; margin-bottom: 20px;\">\r\n            Entenem que la <strong>gesti\u00f3 patrimonial immobili\u00e0ria<\/strong> requereix un enfocament estrat\u00e8gic. Per tant, el nostre objectiu principal \u00e9s protegir i fer cr\u00e9ixer el valor de les teves inversions.\r\n        <\/p>\r\n        \r\n        <p style=\"color: #475569; font-size: 17px; line-height: 1.8; margin-bottom: 20px;\">\r\n            En conseq\u00fc\u00e8ncia, ja sigui que tinguis un local o m\u00faltiples naus industrials, apliquem les millors metodologies. A m\u00e9s, operem de manera integral a tota l'\u00e0rea metropolitana.\r\n        <\/p>\r\n\r\n        <h3 style=\"font-family: 'Montserrat', sans-serif; color: #1E293B; font-size: 24px; font-weight: 700; margin-top: 30px; margin-bottom: 20px;\">Especialistes a la teva zona<\/h3>\r\n        \r\n        <p style=\"color: #475569; font-size: 17px; line-height: 1.8; margin-bottom: 20px;\">\r\n            Espec\u00edficament, som especialistes destacats a la comarca del <a href=\"https:\/\/es.wikipedia.org\/wiki\/Maresme\" target=\"_blank\" rel=\"noopener\" style=\"color: #005A9C; font-weight: 700; text-decoration: none;\">Maresme<\/a>. Per aix\u00f2, ens encarreguem de tot el cicle de vida de l'actiu, des de la comercialitzaci\u00f3 inicial fins a la resoluci\u00f3 d'incid\u00e8ncies. \r\n        <\/p>\r\n        \r\n        <p style=\"color: #475569; font-size: 17px; line-height: 1.8; margin-bottom: 0;\">\r\n            En resum, delegar l'administraci\u00f3 en mans expertes us permet guanyar tranquil\u00b7litat. Per tant, confia en el nostre equip d'assessors per fer el seg\u00fcent gran pas.\r\n        <\/p>\r\n    <\/div>\r\n<\/div>\t\t\t\t<\/div>\n\t\t\t\t<\/div>\n\t\t\t\t<\/div>","protected":false},"excerpt":{"rendered":"<p>Agencia Inmobiliaria Gesti\u00f3n Patrimonial Inmobiliaria: Espacios de \u00e9xito En primer lugar, somos expertos en gesti\u00f3n patrimonial inmobiliaria. Adem\u00e1s, destacamos como [&hellip;]<\/p>\n","protected":false},"author":1,"featured_media":134,"parent":0,"menu_order":0,"comment_status":"closed","ping_status":"closed","template":"elementor_header_footer","meta":{"site-sidebar-layout":"no-sidebar","site-content-layout":"","ast-site-content-layout":"full-width-container","site-content-style":"default","site-sidebar-style":"default","ast-global-header-display":"","ast-banner-title-visibility":"","ast-main-header-display":"","ast-hfb-above-header-display":"","ast-hfb-below-header-display":"","ast-hfb-mobile-header-display":"","site-post-title":"disabled","ast-breadcrumbs-content":"","ast-featured-img":"disabled","footer-sml-layout":"","ast-disable-related-posts":"","theme-transparent-header-meta":"","adv-header-id-meta":"","stick-header-meta":"","header-above-stick-meta":"","header-main-stick-meta":"","header-below-stick-meta":"","astra-migrate-meta-layouts":"default","ast-page-background-enabled":"default","ast-page-background-meta":{"desktop":{"background-color":"var(--ast-global-color-5)","background-image":"","background-repeat":"repeat","background-position":"center center","background-size":"auto","background-attachment":"scroll","background-type":"","background-media":"","overlay-type":"","overlay-color":"","overlay-opacity":"","overlay-gradient":""},"tablet":{"background-color":"","background-image":"","background-repeat":"repeat","background-position":"center center","background-size":"auto","background-attachment":"scroll","background-type":"","background-media":"","overlay-type":"","overlay-color":"","overlay-opacity":"","overlay-gradient":""},"mobile":{"background-color":"","background-image":"","background-repeat":"repeat","background-position":"center center","background-size":"auto","background-attachment":"scroll","background-type":"","background-media":"","overlay-type":"","overlay-color":"","overlay-opacity":"","overlay-gradient":""}},"ast-content-background-meta":{"desktop":{"background-color":"var(--ast-global-color-4)","background-image":"","background-repeat":"repeat","background-position":"center center","background-size":"auto","background-attachment":"scroll","background-type":"","background-media":"","overlay-type":"","overlay-color":"","overlay-opacity":"","overlay-gradient":""},"tablet":{"background-color":"var(--ast-global-color-4)","background-image":"","background-repeat":"repeat","background-position":"center center","background-size":"auto","background-attachment":"scroll","background-type":"","background-media":"","overlay-type":"","overlay-color":"","overlay-opacity":"","overlay-gradient":""},"mobile":{"background-color":"var(--ast-global-color-4)","background-image":"","background-repeat":"repeat","background-position":"center center","background-size":"auto","background-attachment":"scroll","background-type":"","background-media":"","overlay-type":"","overlay-color":"","overlay-opacity":"","overlay-gradient":""}},"footnotes":""},"class_list":["post-17","page","type-page","status-publish","has-post-thumbnail","hentry"],"yoast_head":"<!-- This site is optimized with the Yoast SEO plugin v27.3 - https:\/\/yoast.com\/product\/yoast-seo-wordpress\/ -->\n<title>Alquiler Oficinas y Locales Comerciales Barcelona<\/title>\n<meta name=\"description\" content=\"Especialistas en alquiler de oficinas en Barcelona, locales comerciales y gesti\u00f3n patrimonial inmobiliaria en el Maresme. Cont\u00e1ctanos hoy.\" \/>\n<meta name=\"robots\" content=\"index, follow, max-snippet:-1, max-image-preview:large, max-video-preview:-1\" \/>\n<link rel=\"canonical\" href=\"https:\/\/balcellslloguer.com\/ca\/\" \/>\n<meta property=\"og:locale\" content=\"ca_ES\" \/>\n<meta property=\"og:type\" content=\"article\" \/>\n<meta property=\"og:title\" content=\"Alquiler Oficinas y Locales Comerciales Barcelona\" \/>\n<meta property=\"og:description\" content=\"Especialistas en alquiler de oficinas en Barcelona, locales comerciales y gesti\u00f3n patrimonial inmobiliaria en el Maresme. Cont\u00e1ctanos hoy.\" \/>\n<meta property=\"og:url\" content=\"https:\/\/balcellslloguer.com\/ca\/\" \/>\n<meta property=\"og:site_name\" content=\"Balcells Lloguer\" \/>\n<meta property=\"article:modified_time\" content=\"2026-04-01T13:47:10+00:00\" \/>\n<meta name=\"twitter:card\" content=\"summary_large_image\" \/>\n<meta name=\"twitter:label1\" content=\"Temps estimat de lectura\" \/>\n\t<meta name=\"twitter:data1\" content=\"4 minuts\" \/>\n<script type=\"application\/ld+json\" class=\"yoast-schema-graph\">{\"@context\":\"https:\\\/\\\/schema.org\",\"@graph\":[{\"@type\":\"WebPage\",\"@id\":\"https:\\\/\\\/balcellslloguer.com\\\/\",\"url\":\"https:\\\/\\\/balcellslloguer.com\\\/\",\"name\":\"Alquiler Oficinas y Locales Comerciales Barcelona\",\"isPartOf\":{\"@id\":\"https:\\\/\\\/balcellslloguer.com\\\/#website\"},\"primaryImageOfPage\":{\"@id\":\"https:\\\/\\\/balcellslloguer.com\\\/#primaryimage\"},\"image\":{\"@id\":\"https:\\\/\\\/balcellslloguer.com\\\/#primaryimage\"},\"thumbnailUrl\":\"https:\\\/\\\/balcellslloguer.com\\\/wp-content\\\/uploads\\\/2026\\\/03\\\/alquiler-oficinas-barcelona-portada.avif\",\"datePublished\":\"2026-03-20T11:53:18+00:00\",\"dateModified\":\"2026-04-01T13:47:10+00:00\",\"description\":\"Especialistas en alquiler de oficinas en Barcelona, locales comerciales y gesti\u00f3n patrimonial inmobiliaria en el Maresme. Cont\u00e1ctanos hoy.\",\"breadcrumb\":{\"@id\":\"https:\\\/\\\/balcellslloguer.com\\\/#breadcrumb\"},\"inLanguage\":\"ca\",\"potentialAction\":[{\"@type\":\"ReadAction\",\"target\":[\"https:\\\/\\\/balcellslloguer.com\\\/\"]}]},{\"@type\":\"ImageObject\",\"inLanguage\":\"ca\",\"@id\":\"https:\\\/\\\/balcellslloguer.com\\\/#primaryimage\",\"url\":\"https:\\\/\\\/balcellslloguer.com\\\/wp-content\\\/uploads\\\/2026\\\/03\\\/alquiler-oficinas-barcelona-portada.avif\",\"contentUrl\":\"https:\\\/\\\/balcellslloguer.com\\\/wp-content\\\/uploads\\\/2026\\\/03\\\/alquiler-oficinas-barcelona-portada.avif\",\"width\":1920,\"height\":1280,\"caption\":\"Edificio de oficinas moderno en alquiler Barcelona\"},{\"@type\":\"BreadcrumbList\",\"@id\":\"https:\\\/\\\/balcellslloguer.com\\\/#breadcrumb\",\"itemListElement\":[{\"@type\":\"ListItem\",\"position\":1,\"name\":\"Portada\",\"item\":\"https:\\\/\\\/balcellslloguer.com\\\/\"},{\"@type\":\"ListItem\",\"position\":2,\"name\":\"Inicio\"}]},{\"@type\":\"WebSite\",\"@id\":\"https:\\\/\\\/balcellslloguer.com\\\/#website\",\"url\":\"https:\\\/\\\/balcellslloguer.com\\\/\",\"name\":\"Balcells Lloguer\",\"description\":\"Especialistas en alquiler de oficinas, locales comerciales y gesti\u00f3n patrimonial inmobiliaria en Barcelona\",\"publisher\":{\"@id\":\"https:\\\/\\\/balcellslloguer.com\\\/#organization\"},\"alternateName\":\"Balcells Lloguer\",\"potentialAction\":[{\"@type\":\"SearchAction\",\"target\":{\"@type\":\"EntryPoint\",\"urlTemplate\":\"https:\\\/\\\/balcellslloguer.com\\\/?s={search_term_string}\"},\"query-input\":{\"@type\":\"PropertyValueSpecification\",\"valueRequired\":true,\"valueName\":\"search_term_string\"}}],\"inLanguage\":\"ca\"},{\"@type\":\"Organization\",\"@id\":\"https:\\\/\\\/balcellslloguer.com\\\/#organization\",\"name\":\"Balcells Lloguer\",\"alternateName\":\"Balcells Lloguer\",\"url\":\"https:\\\/\\\/balcellslloguer.com\\\/\",\"logo\":{\"@type\":\"ImageObject\",\"inLanguage\":\"ca\",\"@id\":\"https:\\\/\\\/balcellslloguer.com\\\/#\\\/schema\\\/logo\\\/image\\\/\",\"url\":\"https:\\\/\\\/balcellslloguer.com\\\/wp-content\\\/uploads\\\/2026\\\/03\\\/cropped-logo_balcells.jpg\",\"contentUrl\":\"https:\\\/\\\/balcellslloguer.com\\\/wp-content\\\/uploads\\\/2026\\\/03\\\/cropped-logo_balcells.jpg\",\"width\":512,\"height\":512,\"caption\":\"Balcells Lloguer\"},\"image\":{\"@id\":\"https:\\\/\\\/balcellslloguer.com\\\/#\\\/schema\\\/logo\\\/image\\\/\"}}]}<\/script>\n<!-- \/ Yoast SEO plugin. -->","yoast_head_json":{"title":"Alquiler Oficinas y Locales Comerciales Barcelona","description":"Especialistas en alquiler de oficinas en Barcelona, locales comerciales y gesti\u00f3n patrimonial inmobiliaria en el Maresme. Cont\u00e1ctanos hoy.","robots":{"index":"index","follow":"follow","max-snippet":"max-snippet:-1","max-image-preview":"max-image-preview:large","max-video-preview":"max-video-preview:-1"},"canonical":"https:\/\/balcellslloguer.com\/ca\/","og_locale":"ca_ES","og_type":"article","og_title":"Alquiler Oficinas y Locales Comerciales Barcelona","og_description":"Especialistas en alquiler de oficinas en Barcelona, locales comerciales y gesti\u00f3n patrimonial inmobiliaria en el Maresme. Cont\u00e1ctanos hoy.","og_url":"https:\/\/balcellslloguer.com\/ca\/","og_site_name":"Balcells Lloguer","article_modified_time":"2026-04-01T13:47:10+00:00","twitter_card":"summary_large_image","twitter_misc":{"Temps estimat de lectura":"4 minuts"},"schema":{"@context":"https:\/\/schema.org","@graph":[{"@type":"WebPage","@id":"https:\/\/balcellslloguer.com\/","url":"https:\/\/balcellslloguer.com\/","name":"Alquiler Oficinas y Locales Comerciales Barcelona","isPartOf":{"@id":"https:\/\/balcellslloguer.com\/#website"},"primaryImageOfPage":{"@id":"https:\/\/balcellslloguer.com\/#primaryimage"},"image":{"@id":"https:\/\/balcellslloguer.com\/#primaryimage"},"thumbnailUrl":"https:\/\/balcellslloguer.com\/wp-content\/uploads\/2026\/03\/alquiler-oficinas-barcelona-portada.avif","datePublished":"2026-03-20T11:53:18+00:00","dateModified":"2026-04-01T13:47:10+00:00","description":"Especialistas en alquiler de oficinas en Barcelona, locales comerciales y gesti\u00f3n patrimonial inmobiliaria en el Maresme. Cont\u00e1ctanos hoy.","breadcrumb":{"@id":"https:\/\/balcellslloguer.com\/#breadcrumb"},"inLanguage":"ca","potentialAction":[{"@type":"ReadAction","target":["https:\/\/balcellslloguer.com\/"]}]},{"@type":"ImageObject","inLanguage":"ca","@id":"https:\/\/balcellslloguer.com\/#primaryimage","url":"https:\/\/balcellslloguer.com\/wp-content\/uploads\/2026\/03\/alquiler-oficinas-barcelona-portada.avif","contentUrl":"https:\/\/balcellslloguer.com\/wp-content\/uploads\/2026\/03\/alquiler-oficinas-barcelona-portada.avif","width":1920,"height":1280,"caption":"Edificio de oficinas moderno en alquiler Barcelona"},{"@type":"BreadcrumbList","@id":"https:\/\/balcellslloguer.com\/#breadcrumb","itemListElement":[{"@type":"ListItem","position":1,"name":"Portada","item":"https:\/\/balcellslloguer.com\/"},{"@type":"ListItem","position":2,"name":"Inicio"}]},{"@type":"WebSite","@id":"https:\/\/balcellslloguer.com\/#website","url":"https:\/\/balcellslloguer.com\/","name":"Balcells Lloguer","description":"Especialistas en alquiler de oficinas, locales comerciales y gesti\u00f3n patrimonial inmobiliaria en Barcelona","publisher":{"@id":"https:\/\/balcellslloguer.com\/#organization"},"alternateName":"Balcells Lloguer","potentialAction":[{"@type":"SearchAction","target":{"@type":"EntryPoint","urlTemplate":"https:\/\/balcellslloguer.com\/?s={search_term_string}"},"query-input":{"@type":"PropertyValueSpecification","valueRequired":true,"valueName":"search_term_string"}}],"inLanguage":"ca"},{"@type":"Organization","@id":"https:\/\/balcellslloguer.com\/#organization","name":"Balcells Lloguer","alternateName":"Balcells Lloguer","url":"https:\/\/balcellslloguer.com\/","logo":{"@type":"ImageObject","inLanguage":"ca","@id":"https:\/\/balcellslloguer.com\/#\/schema\/logo\/image\/","url":"https:\/\/balcellslloguer.com\/wp-content\/uploads\/2026\/03\/cropped-logo_balcells.jpg","contentUrl":"https:\/\/balcellslloguer.com\/wp-content\/uploads\/2026\/03\/cropped-logo_balcells.jpg","width":512,"height":512,"caption":"Balcells Lloguer"},"image":{"@id":"https:\/\/balcellslloguer.com\/#\/schema\/logo\/image\/"}}]}},"_links":{"self":[{"href":"https:\/\/balcellslloguer.com\/ca\/wp-json\/wp\/v2\/pages\/17","targetHints":{"allow":["GET"]}}],"collection":[{"href":"https:\/\/balcellslloguer.com\/ca\/wp-json\/wp\/v2\/pages"}],"about":[{"href":"https:\/\/balcellslloguer.com\/ca\/wp-json\/wp\/v2\/types\/page"}],"author":[{"embeddable":true,"href":"https:\/\/balcellslloguer.com\/ca\/wp-json\/wp\/v2\/users\/1"}],"replies":[{"embeddable":true,"href":"https:\/\/balcellslloguer.com\/ca\/wp-json\/wp\/v2\/comments?post=17"}],"version-history":[{"count":30,"href":"https:\/\/balcellslloguer.com\/ca\/wp-json\/wp\/v2\/pages\/17\/revisions"}],"predecessor-version":[{"id":221,"href":"https:\/\/balcellslloguer.com\/ca\/wp-json\/wp\/v2\/pages\/17\/revisions\/221"}],"wp:featuredmedia":[{"embeddable":true,"href":"https:\/\/balcellslloguer.com\/ca\/wp-json\/wp\/v2\/media\/134"}],"wp:attachment":[{"href":"https:\/\/balcellslloguer.com\/ca\/wp-json\/wp\/v2\/media?parent=17"}],"curies":[{"name":"wp","href":"https:\/\/api.w.org\/{rel}","templated":true}]}}