{"id":88,"date":"2026-03-23T10:15:56","date_gmt":"2026-03-23T10:15:56","guid":{"rendered":"https:\/\/balcellslloguer.com\/?page_id=88"},"modified":"2026-03-23T10:16:23","modified_gmt":"2026-03-23T10:16:23","slug":"terminos-y-condiciones","status":"publish","type":"page","link":"https:\/\/balcellslloguer.com\/ca\/terminos-y-condiciones\/","title":{"rendered":"T\u00e9rminos y condiciones"},"content":{"rendered":"<p><strong>1. OBJECTE<\/strong> Les presents condicions generals regulen l'\u00fas de tots els serveis del portal <strong>https:\/\/balcellslloguer.com<\/strong>, titularidad de <strong>Alejandro Balcells Marco<\/strong>. Per la mera utilitzaci\u00f3 del Portal, l'usuari expressa la plena acceptaci\u00f3 i sense reserves de les mateixes, especialment pel que fa a les consultes sobre <strong>lloguer de locals industrials<\/strong>, <strong>oficinas<\/strong> i serveis de <strong>gesti\u00f3 patrimonial immobili\u00e0ria<\/strong>.<\/p>\n\n\n\n<p><strong>2. EXCLUSI\u00d3 DE GARANTIES I RESPONSABILITAT<\/strong> L'Alejandro Balcells Marco no es fa responsable, en cap cas, dels danys i perjudicis de qualsevol naturalesa que poguessin ocasionar, a t\u00edtol enunciatiu: errors o omissions en els continguts, falta de disponibilitat del portal o la transmissi\u00f3 de virus, malgrat haver adoptat totes les mesures tecnol\u00f2giques per evitar-ho.<\/p>\n\n\n\n<p><strong>3. MODIFICACIONS<\/strong> El titular es reserva el dret d'efectuar sense previ av\u00eds les modificacions que consideri oportunes al seu portal, podent canviar, suprimir o afegir tant els continguts (com ofertes de <strong>locals comercials a Barcelona<\/strong> o <strong>lloguer Maresme<\/strong>) com la forma en qu\u00e8 aquests apareguin presentats.<\/p>\n\n\n\n<p><strong>4. ENLACES (LINKS)<\/strong> En cas que a la web es disposessin enlla\u00e7os cap a altres llocs d'Internet, el titular no exercir\u00e0 cap tipus de control sobre aquests llocs. En cap cas no assumir\u00e0 cap responsabilitat pels continguts d'un enlla\u00e7 pertanyent a un lloc web ali\u00e8.<\/p>","protected":false},"excerpt":{"rendered":"<p>1. OBJETO Las presentes condiciones generales regulan el uso de todos los servicios del portal https:\/\/balcellslloguer.com, titularidad de Alejandro Balcells [&hellip;]<\/p>\n","protected":false},"author":1,"featured_media":0,"parent":0,"menu_order":0,"comment_status":"closed","ping_status":"closed","template":"","meta":{"site-sidebar-layout":"default","site-content-layout":"","ast-site-content-layout":"default","site-content-style":"default","site-sidebar-style":"default","ast-global-header-display":"","ast-banner-title-visibility":"","ast-main-header-display":"","ast-hfb-above-header-display":"","ast-hfb-below-header-display":"","ast-hfb-mobile-header-display":"","site-post-title":"","ast-breadcrumbs-content":"","ast-featured-img":"","footer-sml-layout":"","ast-disable-related-posts":"","theme-transparent-header-meta":"","adv-header-id-meta":"","stick-header-meta":"","header-above-stick-meta":"","header-main-stick-meta":"","header-below-stick-meta":"","astra-migrate-meta-layouts":"default","ast-page-background-enabled":"default","ast-page-background-meta":{"desktop":{"background-color":"var(--ast-global-color-5)","background-image":"","background-repeat":"repeat","background-position":"center center","background-size":"auto","background-attachment":"scroll","background-type":"","background-media":"","overlay-type":"","overlay-color":"","overlay-opacity":"","overlay-gradient":""},"tablet":{"background-color":"","background-image":"","background-repeat":"repeat","background-position":"center center","background-size":"auto","background-attachment":"scroll","background-type":"","background-media":"","overlay-type":"","overlay-color":"","overlay-opacity":"","overlay-gradient":""},"mobile":{"background-color":"","background-image":"","background-repeat":"repeat","background-position":"center center","background-size":"auto","background-attachment":"scroll","background-type":"","background-media":"","overlay-type":"","overlay-color":"","overlay-opacity":"","overlay-gradient":""}},"ast-content-background-meta":{"desktop":{"background-color":"var(--ast-global-color-4)","background-image":"","background-repeat":"repeat","background-position":"center center","background-size":"auto","background-attachment":"scroll","background-type":"","background-media":"","overlay-type":"","overlay-color":"","overlay-opacity":"","overlay-gradient":""},"tablet":{"background-color":"var(--ast-global-color-4)","background-image":"","background-repeat":"repeat","background-position":"center center","background-size":"auto","background-attachment":"scroll","background-type":"","background-media":"","overlay-type":"","overlay-color":"","overlay-opacity":"","overlay-gradient":""},"mobile":{"background-color":"var(--ast-global-color-4)","background-image":"","background-repeat":"repeat","background-position":"center center","background-size":"auto","background-attachment":"scroll","background-type":"","background-media":"","overlay-type":"","overlay-color":"","overlay-opacity":"","overlay-gradient":""}},"footnotes":""},"class_list":["post-88","page","type-page","status-publish","hentry"],"yoast_head":"<!-- This site is optimized with the Yoast SEO plugin v27.3 - https:\/\/yoast.com\/product\/yoast-seo-wordpress\/ -->\n<title>T\u00e9rminos y condiciones - Balcells Lloguer<\/title>\n<meta name=\"robots\" content=\"index, follow, max-snippet:-1, max-image-preview:large, max-video-preview:-1\" \/>\n<link rel=\"canonical\" href=\"https:\/\/balcellslloguer.com\/ca\/terminos-y-condiciones\/\" \/>\n<meta property=\"og:locale\" content=\"ca_ES\" \/>\n<meta property=\"og:type\" content=\"article\" \/>\n<meta property=\"og:title\" content=\"T\u00e9rminos y condiciones - Balcells Lloguer\" \/>\n<meta property=\"og:description\" content=\"1. OBJETO Las presentes condiciones generales regulan el uso de todos los servicios del portal https:\/\/balcellslloguer.com, titularidad de Alejandro Balcells [&hellip;]\" \/>\n<meta property=\"og:url\" content=\"https:\/\/balcellslloguer.com\/ca\/terminos-y-condiciones\/\" \/>\n<meta property=\"og:site_name\" content=\"Balcells Lloguer\" \/>\n<meta property=\"article:modified_time\" content=\"2026-03-23T10:16:23+00:00\" \/>\n<meta name=\"twitter:card\" content=\"summary_large_image\" \/>\n<meta name=\"twitter:label1\" content=\"Temps estimat de lectura\" \/>\n\t<meta name=\"twitter:data1\" content=\"1 minut\" \/>\n<script type=\"application\/ld+json\" class=\"yoast-schema-graph\">{\"@context\":\"https:\\\/\\\/schema.org\",\"@graph\":[{\"@type\":\"WebPage\",\"@id\":\"https:\\\/\\\/balcellslloguer.com\\\/terminos-y-condiciones\\\/\",\"url\":\"https:\\\/\\\/balcellslloguer.com\\\/terminos-y-condiciones\\\/\",\"name\":\"T\u00e9rminos y condiciones - Balcells Lloguer\",\"isPartOf\":{\"@id\":\"https:\\\/\\\/balcellslloguer.com\\\/#website\"},\"datePublished\":\"2026-03-23T10:15:56+00:00\",\"dateModified\":\"2026-03-23T10:16:23+00:00\",\"breadcrumb\":{\"@id\":\"https:\\\/\\\/balcellslloguer.com\\\/terminos-y-condiciones\\\/#breadcrumb\"},\"inLanguage\":\"ca\",\"potentialAction\":[{\"@type\":\"ReadAction\",\"target\":[\"https:\\\/\\\/balcellslloguer.com\\\/terminos-y-condiciones\\\/\"]}]},{\"@type\":\"BreadcrumbList\",\"@id\":\"https:\\\/\\\/balcellslloguer.com\\\/terminos-y-condiciones\\\/#breadcrumb\",\"itemListElement\":[{\"@type\":\"ListItem\",\"position\":1,\"name\":\"Portada\",\"item\":\"https:\\\/\\\/balcellslloguer.com\\\/\"},{\"@type\":\"ListItem\",\"position\":2,\"name\":\"T\u00e9rminos y condiciones\"}]},{\"@type\":\"WebSite\",\"@id\":\"https:\\\/\\\/balcellslloguer.com\\\/#website\",\"url\":\"https:\\\/\\\/balcellslloguer.com\\\/\",\"name\":\"Balcells Lloguer\",\"description\":\"Especialistas en alquiler de oficinas, locales comerciales y gesti\u00f3n patrimonial inmobiliaria en Barcelona\",\"publisher\":{\"@id\":\"https:\\\/\\\/balcellslloguer.com\\\/#organization\"},\"alternateName\":\"Balcells Lloguer\",\"potentialAction\":[{\"@type\":\"SearchAction\",\"target\":{\"@type\":\"EntryPoint\",\"urlTemplate\":\"https:\\\/\\\/balcellslloguer.com\\\/?s={search_term_string}\"},\"query-input\":{\"@type\":\"PropertyValueSpecification\",\"valueRequired\":true,\"valueName\":\"search_term_string\"}}],\"inLanguage\":\"ca\"},{\"@type\":\"Organization\",\"@id\":\"https:\\\/\\\/balcellslloguer.com\\\/#organization\",\"name\":\"Balcells Lloguer\",\"alternateName\":\"Balcells Lloguer\",\"url\":\"https:\\\/\\\/balcellslloguer.com\\\/\",\"logo\":{\"@type\":\"ImageObject\",\"inLanguage\":\"ca\",\"@id\":\"https:\\\/\\\/balcellslloguer.com\\\/#\\\/schema\\\/logo\\\/image\\\/\",\"url\":\"https:\\\/\\\/balcellslloguer.com\\\/wp-content\\\/uploads\\\/2026\\\/03\\\/cropped-logo_balcells.jpg\",\"contentUrl\":\"https:\\\/\\\/balcellslloguer.com\\\/wp-content\\\/uploads\\\/2026\\\/03\\\/cropped-logo_balcells.jpg\",\"width\":512,\"height\":512,\"caption\":\"Balcells Lloguer\"},\"image\":{\"@id\":\"https:\\\/\\\/balcellslloguer.com\\\/#\\\/schema\\\/logo\\\/image\\\/\"}}]}<\/script>\n<!-- \/ Yoast SEO plugin. -->","yoast_head_json":{"title":"T\u00e9rminos y condiciones - Balcells Lloguer","robots":{"index":"index","follow":"follow","max-snippet":"max-snippet:-1","max-image-preview":"max-image-preview:large","max-video-preview":"max-video-preview:-1"},"canonical":"https:\/\/balcellslloguer.com\/ca\/terminos-y-condiciones\/","og_locale":"ca_ES","og_type":"article","og_title":"T\u00e9rminos y condiciones - Balcells Lloguer","og_description":"1. OBJETO Las presentes condiciones generales regulan el uso de todos los servicios del portal https:\/\/balcellslloguer.com, titularidad de Alejandro Balcells [&hellip;]","og_url":"https:\/\/balcellslloguer.com\/ca\/terminos-y-condiciones\/","og_site_name":"Balcells Lloguer","article_modified_time":"2026-03-23T10:16:23+00:00","twitter_card":"summary_large_image","twitter_misc":{"Temps estimat de lectura":"1 minut"},"schema":{"@context":"https:\/\/schema.org","@graph":[{"@type":"WebPage","@id":"https:\/\/balcellslloguer.com\/terminos-y-condiciones\/","url":"https:\/\/balcellslloguer.com\/terminos-y-condiciones\/","name":"T\u00e9rminos y condiciones - Balcells Lloguer","isPartOf":{"@id":"https:\/\/balcellslloguer.com\/#website"},"datePublished":"2026-03-23T10:15:56+00:00","dateModified":"2026-03-23T10:16:23+00:00","breadcrumb":{"@id":"https:\/\/balcellslloguer.com\/terminos-y-condiciones\/#breadcrumb"},"inLanguage":"ca","potentialAction":[{"@type":"ReadAction","target":["https:\/\/balcellslloguer.com\/terminos-y-condiciones\/"]}]},{"@type":"BreadcrumbList","@id":"https:\/\/balcellslloguer.com\/terminos-y-condiciones\/#breadcrumb","itemListElement":[{"@type":"ListItem","position":1,"name":"Portada","item":"https:\/\/balcellslloguer.com\/"},{"@type":"ListItem","position":2,"name":"T\u00e9rminos y condiciones"}]},{"@type":"WebSite","@id":"https:\/\/balcellslloguer.com\/#website","url":"https:\/\/balcellslloguer.com\/","name":"Balcells Lloguer","description":"Especialistas en alquiler de oficinas, locales comerciales y gesti\u00f3n patrimonial inmobiliaria en Barcelona","publisher":{"@id":"https:\/\/balcellslloguer.com\/#organization"},"alternateName":"Balcells Lloguer","potentialAction":[{"@type":"SearchAction","target":{"@type":"EntryPoint","urlTemplate":"https:\/\/balcellslloguer.com\/?s={search_term_string}"},"query-input":{"@type":"PropertyValueSpecification","valueRequired":true,"valueName":"search_term_string"}}],"inLanguage":"ca"},{"@type":"Organization","@id":"https:\/\/balcellslloguer.com\/#organization","name":"Balcells Lloguer","alternateName":"Balcells Lloguer","url":"https:\/\/balcellslloguer.com\/","logo":{"@type":"ImageObject","inLanguage":"ca","@id":"https:\/\/balcellslloguer.com\/#\/schema\/logo\/image\/","url":"https:\/\/balcellslloguer.com\/wp-content\/uploads\/2026\/03\/cropped-logo_balcells.jpg","contentUrl":"https:\/\/balcellslloguer.com\/wp-content\/uploads\/2026\/03\/cropped-logo_balcells.jpg","width":512,"height":512,"caption":"Balcells Lloguer"},"image":{"@id":"https:\/\/balcellslloguer.com\/#\/schema\/logo\/image\/"}}]}},"_links":{"self":[{"href":"https:\/\/balcellslloguer.com\/ca\/wp-json\/wp\/v2\/pages\/88","targetHints":{"allow":["GET"]}}],"collection":[{"href":"https:\/\/balcellslloguer.com\/ca\/wp-json\/wp\/v2\/pages"}],"about":[{"href":"https:\/\/balcellslloguer.com\/ca\/wp-json\/wp\/v2\/types\/page"}],"author":[{"embeddable":true,"href":"https:\/\/balcellslloguer.com\/ca\/wp-json\/wp\/v2\/users\/1"}],"replies":[{"embeddable":true,"href":"https:\/\/balcellslloguer.com\/ca\/wp-json\/wp\/v2\/comments?post=88"}],"version-history":[{"count":2,"href":"https:\/\/balcellslloguer.com\/ca\/wp-json\/wp\/v2\/pages\/88\/revisions"}],"predecessor-version":[{"id":90,"href":"https:\/\/balcellslloguer.com\/ca\/wp-json\/wp\/v2\/pages\/88\/revisions\/90"}],"wp:attachment":[{"href":"https:\/\/balcellslloguer.com\/ca\/wp-json\/wp\/v2\/media?parent=88"}],"curies":[{"name":"wp","href":"https:\/\/api.w.org\/{rel}","templated":true}]}}