{"id":91,"date":"2026-03-23T10:16:55","date_gmt":"2026-03-23T10:16:55","guid":{"rendered":"https:\/\/balcellslloguer.com\/?page_id=91"},"modified":"2026-03-23T10:18:44","modified_gmt":"2026-03-23T10:18:44","slug":"politica-de-cookies","status":"publish","type":"page","link":"https:\/\/balcellslloguer.com\/ca\/politica-de-cookies\/","title":{"rendered":"Pol\u00edtica de cookies"},"content":{"rendered":"<p><strong>1. QU\u00c8 S\u00d3N LES COOKIES?<\/strong> Una galeta \u00e9s un fitxer que es descarrega al vostre ordinador en accedir a determinades p\u00e0gines web. Les galetes permeten a una p\u00e0gina web, entre altres coses, emmagatzemar i recuperar informaci\u00f3 sobre els h\u00e0bits de navegaci\u00f3 d'un usuari o del seu equip.<sup><\/sup><\/p>\n\n\n\n<p id=\"p-rc_3fa2dd8a6e82a063-44\"><strong>2. TIPUS DE COOKIES UTILITZADES<sup><\/sup><\/strong> Aquest lloc web utilitza les cookies seg\u00fcents:<sup><\/sup><\/p>\n\n\n\n<ul class=\"wp-block-list\">\n<li><strong>Galetes d'an\u00e0lisi:<\/strong> Permeten quantificar el nombre d'usuaris i realitzar el mesurament i l'an\u00e0lisi estad\u00edstica de la utilitzaci\u00f3 que fan els usuaris del servei.<\/li>\n\n\n\n<li><strong>Galetes t\u00e8cniques:<\/strong> S\u00f3n necess\u00e0ries per a la navegaci\u00f3 i el bon funcionament de la nostra p\u00e0gina web.<\/li>\n<\/ul>\n\n\n\n<p><strong>3. COM DESHABILITAR LES COOKIES<\/strong> Vost\u00e8 pot permetre, bloquejar o eliminar les cookies instal\u00b7lades mitjan\u00e7ant la configuraci\u00f3 del navegador:<\/p>\n\n\n\n<p><strong>Safari:<\/strong> Prefer\u00e8ncies -&gt; Privadesa.<\/p>\n\n\n\n<p><strong>Chrome:<\/strong> Configuraci\u00f3 -&gt; Privadesa i seguretat.<\/p>\n\n\n\n<p><strong>Firefox:<\/strong> Ajustaments -&gt; Privadesa i seguretat.<\/p>","protected":false},"excerpt":{"rendered":"<p>1. \u00bfQU\u00c9 SON LAS COOKIES? Una cookie es un fichero que se descarga en su ordenador al acceder a determinadas [&hellip;]<\/p>\n","protected":false},"author":1,"featured_media":0,"parent":0,"menu_order":0,"comment_status":"closed","ping_status":"closed","template":"","meta":{"site-sidebar-layout":"default","site-content-layout":"","ast-site-content-layout":"default","site-content-style":"default","site-sidebar-style":"default","ast-global-header-display":"","ast-banner-title-visibility":"","ast-main-header-display":"","ast-hfb-above-header-display":"","ast-hfb-below-header-display":"","ast-hfb-mobile-header-display":"","site-post-title":"","ast-breadcrumbs-content":"","ast-featured-img":"","footer-sml-layout":"","ast-disable-related-posts":"","theme-transparent-header-meta":"","adv-header-id-meta":"","stick-header-meta":"","header-above-stick-meta":"","header-main-stick-meta":"","header-below-stick-meta":"","astra-migrate-meta-layouts":"default","ast-page-background-enabled":"default","ast-page-background-meta":{"desktop":{"background-color":"var(--ast-global-color-5)","background-image":"","background-repeat":"repeat","background-position":"center center","background-size":"auto","background-attachment":"scroll","background-type":"","background-media":"","overlay-type":"","overlay-color":"","overlay-opacity":"","overlay-gradient":""},"tablet":{"background-color":"","background-image":"","background-repeat":"repeat","background-position":"center center","background-size":"auto","background-attachment":"scroll","background-type":"","background-media":"","overlay-type":"","overlay-color":"","overlay-opacity":"","overlay-gradient":""},"mobile":{"background-color":"","background-image":"","background-repeat":"repeat","background-position":"center center","background-size":"auto","background-attachment":"scroll","background-type":"","background-media":"","overlay-type":"","overlay-color":"","overlay-opacity":"","overlay-gradient":""}},"ast-content-background-meta":{"desktop":{"background-color":"var(--ast-global-color-4)","background-image":"","background-repeat":"repeat","background-position":"center center","background-size":"auto","background-attachment":"scroll","background-type":"","background-media":"","overlay-type":"","overlay-color":"","overlay-opacity":"","overlay-gradient":""},"tablet":{"background-color":"var(--ast-global-color-4)","background-image":"","background-repeat":"repeat","background-position":"center center","background-size":"auto","background-attachment":"scroll","background-type":"","background-media":"","overlay-type":"","overlay-color":"","overlay-opacity":"","overlay-gradient":""},"mobile":{"background-color":"var(--ast-global-color-4)","background-image":"","background-repeat":"repeat","background-position":"center center","background-size":"auto","background-attachment":"scroll","background-type":"","background-media":"","overlay-type":"","overlay-color":"","overlay-opacity":"","overlay-gradient":""}},"footnotes":""},"class_list":["post-91","page","type-page","status-publish","hentry"],"yoast_head":"<!-- This site is optimized with the Yoast SEO plugin v27.3 - https:\/\/yoast.com\/product\/yoast-seo-wordpress\/ -->\n<title>Pol\u00edtica de cookies - Balcells Lloguer<\/title>\n<meta name=\"robots\" content=\"index, follow, max-snippet:-1, max-image-preview:large, max-video-preview:-1\" \/>\n<link rel=\"canonical\" href=\"https:\/\/balcellslloguer.com\/ca\/politica-de-cookies\/\" \/>\n<meta property=\"og:locale\" content=\"ca_ES\" \/>\n<meta property=\"og:type\" content=\"article\" \/>\n<meta property=\"og:title\" content=\"Pol\u00edtica de cookies - Balcells Lloguer\" \/>\n<meta property=\"og:description\" content=\"1. \u00bfQU\u00c9 SON LAS COOKIES? Una cookie es un fichero que se descarga en su ordenador al acceder a determinadas [&hellip;]\" \/>\n<meta property=\"og:url\" content=\"https:\/\/balcellslloguer.com\/ca\/politica-de-cookies\/\" \/>\n<meta property=\"og:site_name\" content=\"Balcells Lloguer\" \/>\n<meta property=\"article:modified_time\" content=\"2026-03-23T10:18:44+00:00\" \/>\n<meta name=\"twitter:card\" content=\"summary_large_image\" \/>\n<meta name=\"twitter:label1\" content=\"Temps estimat de lectura\" \/>\n\t<meta name=\"twitter:data1\" content=\"1 minut\" \/>\n<script type=\"application\/ld+json\" class=\"yoast-schema-graph\">{\"@context\":\"https:\\\/\\\/schema.org\",\"@graph\":[{\"@type\":\"WebPage\",\"@id\":\"https:\\\/\\\/balcellslloguer.com\\\/politica-de-cookies\\\/\",\"url\":\"https:\\\/\\\/balcellslloguer.com\\\/politica-de-cookies\\\/\",\"name\":\"Pol\u00edtica de cookies - Balcells Lloguer\",\"isPartOf\":{\"@id\":\"https:\\\/\\\/balcellslloguer.com\\\/#website\"},\"datePublished\":\"2026-03-23T10:16:55+00:00\",\"dateModified\":\"2026-03-23T10:18:44+00:00\",\"breadcrumb\":{\"@id\":\"https:\\\/\\\/balcellslloguer.com\\\/politica-de-cookies\\\/#breadcrumb\"},\"inLanguage\":\"ca\",\"potentialAction\":[{\"@type\":\"ReadAction\",\"target\":[\"https:\\\/\\\/balcellslloguer.com\\\/politica-de-cookies\\\/\"]}]},{\"@type\":\"BreadcrumbList\",\"@id\":\"https:\\\/\\\/balcellslloguer.com\\\/politica-de-cookies\\\/#breadcrumb\",\"itemListElement\":[{\"@type\":\"ListItem\",\"position\":1,\"name\":\"Portada\",\"item\":\"https:\\\/\\\/balcellslloguer.com\\\/\"},{\"@type\":\"ListItem\",\"position\":2,\"name\":\"Pol\u00edtica de cookies\"}]},{\"@type\":\"WebSite\",\"@id\":\"https:\\\/\\\/balcellslloguer.com\\\/#website\",\"url\":\"https:\\\/\\\/balcellslloguer.com\\\/\",\"name\":\"Balcells Lloguer\",\"description\":\"Especialistas en alquiler de oficinas, locales comerciales y gesti\u00f3n patrimonial inmobiliaria en Barcelona\",\"publisher\":{\"@id\":\"https:\\\/\\\/balcellslloguer.com\\\/#organization\"},\"alternateName\":\"Balcells Lloguer\",\"potentialAction\":[{\"@type\":\"SearchAction\",\"target\":{\"@type\":\"EntryPoint\",\"urlTemplate\":\"https:\\\/\\\/balcellslloguer.com\\\/?s={search_term_string}\"},\"query-input\":{\"@type\":\"PropertyValueSpecification\",\"valueRequired\":true,\"valueName\":\"search_term_string\"}}],\"inLanguage\":\"ca\"},{\"@type\":\"Organization\",\"@id\":\"https:\\\/\\\/balcellslloguer.com\\\/#organization\",\"name\":\"Balcells Lloguer\",\"alternateName\":\"Balcells Lloguer\",\"url\":\"https:\\\/\\\/balcellslloguer.com\\\/\",\"logo\":{\"@type\":\"ImageObject\",\"inLanguage\":\"ca\",\"@id\":\"https:\\\/\\\/balcellslloguer.com\\\/#\\\/schema\\\/logo\\\/image\\\/\",\"url\":\"https:\\\/\\\/balcellslloguer.com\\\/wp-content\\\/uploads\\\/2026\\\/03\\\/cropped-logo_balcells.jpg\",\"contentUrl\":\"https:\\\/\\\/balcellslloguer.com\\\/wp-content\\\/uploads\\\/2026\\\/03\\\/cropped-logo_balcells.jpg\",\"width\":512,\"height\":512,\"caption\":\"Balcells Lloguer\"},\"image\":{\"@id\":\"https:\\\/\\\/balcellslloguer.com\\\/#\\\/schema\\\/logo\\\/image\\\/\"}}]}<\/script>\n<!-- \/ Yoast SEO plugin. -->","yoast_head_json":{"title":"Pol\u00edtica de cookies - Balcells Lloguer","robots":{"index":"index","follow":"follow","max-snippet":"max-snippet:-1","max-image-preview":"max-image-preview:large","max-video-preview":"max-video-preview:-1"},"canonical":"https:\/\/balcellslloguer.com\/ca\/politica-de-cookies\/","og_locale":"ca_ES","og_type":"article","og_title":"Pol\u00edtica de cookies - Balcells Lloguer","og_description":"1. \u00bfQU\u00c9 SON LAS COOKIES? Una cookie es un fichero que se descarga en su ordenador al acceder a determinadas [&hellip;]","og_url":"https:\/\/balcellslloguer.com\/ca\/politica-de-cookies\/","og_site_name":"Balcells Lloguer","article_modified_time":"2026-03-23T10:18:44+00:00","twitter_card":"summary_large_image","twitter_misc":{"Temps estimat de lectura":"1 minut"},"schema":{"@context":"https:\/\/schema.org","@graph":[{"@type":"WebPage","@id":"https:\/\/balcellslloguer.com\/politica-de-cookies\/","url":"https:\/\/balcellslloguer.com\/politica-de-cookies\/","name":"Pol\u00edtica de cookies - Balcells Lloguer","isPartOf":{"@id":"https:\/\/balcellslloguer.com\/#website"},"datePublished":"2026-03-23T10:16:55+00:00","dateModified":"2026-03-23T10:18:44+00:00","breadcrumb":{"@id":"https:\/\/balcellslloguer.com\/politica-de-cookies\/#breadcrumb"},"inLanguage":"ca","potentialAction":[{"@type":"ReadAction","target":["https:\/\/balcellslloguer.com\/politica-de-cookies\/"]}]},{"@type":"BreadcrumbList","@id":"https:\/\/balcellslloguer.com\/politica-de-cookies\/#breadcrumb","itemListElement":[{"@type":"ListItem","position":1,"name":"Portada","item":"https:\/\/balcellslloguer.com\/"},{"@type":"ListItem","position":2,"name":"Pol\u00edtica de cookies"}]},{"@type":"WebSite","@id":"https:\/\/balcellslloguer.com\/#website","url":"https:\/\/balcellslloguer.com\/","name":"Balcells Lloguer","description":"Especialistas en alquiler de oficinas, locales comerciales y gesti\u00f3n patrimonial inmobiliaria en Barcelona","publisher":{"@id":"https:\/\/balcellslloguer.com\/#organization"},"alternateName":"Balcells Lloguer","potentialAction":[{"@type":"SearchAction","target":{"@type":"EntryPoint","urlTemplate":"https:\/\/balcellslloguer.com\/?s={search_term_string}"},"query-input":{"@type":"PropertyValueSpecification","valueRequired":true,"valueName":"search_term_string"}}],"inLanguage":"ca"},{"@type":"Organization","@id":"https:\/\/balcellslloguer.com\/#organization","name":"Balcells Lloguer","alternateName":"Balcells Lloguer","url":"https:\/\/balcellslloguer.com\/","logo":{"@type":"ImageObject","inLanguage":"ca","@id":"https:\/\/balcellslloguer.com\/#\/schema\/logo\/image\/","url":"https:\/\/balcellslloguer.com\/wp-content\/uploads\/2026\/03\/cropped-logo_balcells.jpg","contentUrl":"https:\/\/balcellslloguer.com\/wp-content\/uploads\/2026\/03\/cropped-logo_balcells.jpg","width":512,"height":512,"caption":"Balcells Lloguer"},"image":{"@id":"https:\/\/balcellslloguer.com\/#\/schema\/logo\/image\/"}}]}},"_links":{"self":[{"href":"https:\/\/balcellslloguer.com\/ca\/wp-json\/wp\/v2\/pages\/91","targetHints":{"allow":["GET"]}}],"collection":[{"href":"https:\/\/balcellslloguer.com\/ca\/wp-json\/wp\/v2\/pages"}],"about":[{"href":"https:\/\/balcellslloguer.com\/ca\/wp-json\/wp\/v2\/types\/page"}],"author":[{"embeddable":true,"href":"https:\/\/balcellslloguer.com\/ca\/wp-json\/wp\/v2\/users\/1"}],"replies":[{"embeddable":true,"href":"https:\/\/balcellslloguer.com\/ca\/wp-json\/wp\/v2\/comments?post=91"}],"version-history":[{"count":2,"href":"https:\/\/balcellslloguer.com\/ca\/wp-json\/wp\/v2\/pages\/91\/revisions"}],"predecessor-version":[{"id":93,"href":"https:\/\/balcellslloguer.com\/ca\/wp-json\/wp\/v2\/pages\/91\/revisions\/93"}],"wp:attachment":[{"href":"https:\/\/balcellslloguer.com\/ca\/wp-json\/wp\/v2\/media?parent=91"}],"curies":[{"name":"wp","href":"https:\/\/api.w.org\/{rel}","templated":true}]}}